{"id":81583,"date":"2019-05-17T15:22:25","date_gmt":"2019-05-17T13:22:25","guid":{"rendered":"https:\/\/ueberraum.co\/?page_id=81583"},"modified":"2026-01-07T16:52:52","modified_gmt":"2026-01-07T15:52:52","slug":"contact","status":"publish","type":"page","link":"https:\/\/ueberraum.co\/en\/contact\/","title":{"rendered":"Contact"},"content":{"rendered":"<div class=\"wpb-content-wrapper\"><div data-parent=\"true\" class=\"vc_row has-bg need-focus style-color-lxmt-bg row-container\" id=\"row-unique-0\"><div class=\"row quad-top-padding quad-bottom-padding single-h-padding limit-width row-parent\"><div class=\"wpb_row row-inner\"><div class=\"wpb_column pos-top pos-center align_center column_parent col-lg-12 double-internal-gutter\"><div class=\"uncol style-light\"  ><div class=\"uncoltable\"><div class=\"uncell\" ><div class=\"uncont no-block-padding col-custom-width\" style=\" max-width:996px;\" ><div class=\"vc_row row-internal row-container\"><div class=\"row row-child\"><div class=\"wpb_row row-inner\"><div class=\"wpb_column pos-top pos-center align_center column_child col-lg-12 single-internal-gutter\"><div class=\"uncol style-light\" ><div class=\"uncoltable\"><div class=\"uncell no-block-padding\" ><div class=\"uncont\" style=\" max-width:900px;\" ><div class=\"vc_custom_heading_wrap\"><div class=\"heading-text el-text\" ><h1 class=\"font-weight-900\" ><span>How can we help?<\/span><\/h1><\/div><div class=\"clear\"><\/div><\/div>\n<div class=\"wpcf7 no-js\" id=\"wpcf7-f89180-o1\" lang=\"en-US\" dir=\"ltr\" data-wpcf7-id=\"89180\">\n<div class=\"screen-reader-response\"><p role=\"status\" aria-live=\"polite\" aria-atomic=\"true\"><\/p> <ul><\/ul><\/div>\n<form action=\"\/en\/wp-json\/wp\/v2\/pages\/81583#wpcf7-f89180-o1\" method=\"post\" class=\"wpcf7-form init wpcf7-acceptance-as-validation\" aria-label=\"Contact form\" novalidate=\"novalidate\" data-status=\"init\" data-trp-original-action=\"\/en\/wp-json\/wp\/v2\/pages\/81583#wpcf7-f89180-o1\">\n<fieldset class=\"hidden-fields-container\"><input type=\"hidden\" name=\"_wpcf7\" value=\"89180\" \/><input type=\"hidden\" name=\"_wpcf7_version\" value=\"6.1.5\" \/><input type=\"hidden\" name=\"_wpcf7_locale\" value=\"en_US\" \/><input type=\"hidden\" name=\"_wpcf7_unit_tag\" value=\"wpcf7-f89180-o1\" \/><input type=\"hidden\" name=\"_wpcf7_container_post\" value=\"0\" \/><input type=\"hidden\" name=\"_wpcf7_posted_data_hash\" value=\"\" \/><input type=\"hidden\" name=\"_wpcf7_recaptcha_response\" value=\"\" \/>\n<\/fieldset>\n<p><span class=\"wpcf7-form-control-wrap\" data-name=\"your-fullname\"><input size=\"40\" maxlength=\"400\" class=\"wpcf7-form-control wpcf7-text wpcf7-validates-as-required form-fluid\" aria-required=\"true\" aria-invalid=\"false\" placeholder=\"First and last name\" value=\"\" type=\"text\" name=\"your-fullname\" \/><\/span>\n<\/p>\n<div class=\"wpcf7-inline-wrapper\">\n\t<p class=\"wpcf7-inline-field\"><span class=\"wpcf7-form-control-wrap\" data-name=\"your-email\"><input size=\"40\" maxlength=\"400\" class=\"wpcf7-form-control wpcf7-email wpcf7-validates-as-required wpcf7-text wpcf7-validates-as-email\" aria-required=\"true\" aria-invalid=\"false\" placeholder=\"Your email\" value=\"\" type=\"email\" name=\"your-email\" \/><\/span>\n\t<\/p>\n\t<p class=\"wpcf7-inline-field\"><span class=\"wpcf7-form-control-wrap\" data-name=\"your-telephone\"><input size=\"40\" maxlength=\"400\" class=\"wpcf7-form-control wpcf7-text wpcf7-validates-as-required form-fluid\" aria-required=\"true\" aria-invalid=\"false\" placeholder=\"Phone\" value=\"\" type=\"text\" name=\"your-telephone\" \/><\/span>\n\t<\/p>\n<\/div>\n<p><span class=\"wpcf7-form-control-wrap\" data-name=\"menu-559\"><select class=\"wpcf7-form-control wpcf7-select\" aria-invalid=\"false\" name=\"menu-559\"><option value=\"Ihr Anliegen\">Your concern<\/option><option value=\"Ich suche eine Location\">I'm looking for a location<\/option><option value=\"Ich m\u00f6chte meine Location anbieten\">I want to offer my location<\/option><option value=\"Ich m\u00f6chte eine Eventkonzeption inkl. Location\">I would like an event concept including a location<\/option><option value=\"Ich m\u00f6chte eine Eventkonzeption exkl. Location\">I would like an event concept, excluding the venue.<\/option><option value=\"Ich m\u00f6chte Zugang zur geschlossenen Datenbank\">I want access to the closed database<\/option><option value=\"Sonstige Anliegen\">Other concerns<\/option><\/select><\/span>\n<\/p>\n<p><span class=\"wpcf7-form-control-wrap\" data-name=\"your-message\"><textarea cols=\"40\" rows=\"8\" maxlength=\"2000\" class=\"wpcf7-form-control wpcf7-textarea\" aria-invalid=\"false\" placeholder=\"Describe your request.\" name=\"your-message\"><\/textarea><\/span>\n<\/p>\n<p><span class=\"wpcf7-form-control-wrap\" data-name=\"menu-386\"><select class=\"wpcf7-form-control wpcf7-select\" aria-invalid=\"false\" name=\"menu-386\"><option value=\"Personenzahl\">Number of people<\/option><option value=\"bis 50\">up to 50<\/option><option value=\"bis 100\">up to 100<\/option><option value=\"bis 200\">up to 200<\/option><option value=\"bis 500\">up to 500<\/option><option value=\"bis 1.000\">up to 1,000<\/option><option value=\"2.000 +\">2.000 +<\/option><\/select><\/span>\n<\/p>\n<p><span class=\"wpcf7-form-control-wrap\" data-name=\"menu-640\"><select class=\"wpcf7-form-control wpcf7-select\" aria-invalid=\"false\" name=\"menu-640\"><option value=\"Budget\">Budget<\/option><option value=\"750 - 3.000 \u20ac\">750 - 3.000 \u20ac<\/option><option value=\"3.000 - 10.000 \u20ac\">3.000 - 10.000 \u20ac<\/option><option value=\"10.000 - 15.000 \u20ac\">10.000 - 15.000 \u20ac<\/option><option value=\"15.000 \u20ac +\">15.000 \u20ac +<\/option><option value=\"keine Angabe\">Not specified<\/option><\/select><\/span>\n<\/p>\n<p align=\"left\">Please enter the location number you are interested in here. You can find this at the top of the URL at the end of the address bar in your browser:\n<\/p>\n<p><span class=\"wpcf7-form-control-wrap\" data-name=\"text-877\"><input size=\"40\" maxlength=\"400\" class=\"wpcf7-form-control wpcf7-text\" aria-invalid=\"false\" placeholder=\"Location number\" value=\"\" type=\"text\" name=\"text-877\" \/><\/span>\n<\/p>\n<p align=\"left\">If you are looking for a location or planning an event, please let us know the date here:\n<\/p>\n<p><span class=\"wpcf7-form-control-wrap\" data-name=\"date-368\"><input class=\"wpcf7-form-control wpcf7-date wpcf7-validates-as-date\" aria-invalid=\"false\" value=\"\" type=\"date\" name=\"date-368\" \/><\/span>\n<\/p>\n<p class=\"datenschutz\"><br \/>\n<span class=\"wpcf7-form-control-wrap\" data-name=\"zustimmung-datenschutz\"><span class=\"wpcf7-form-control wpcf7-acceptance\"><span class=\"wpcf7-list-item\"><label><input type=\"checkbox\" name=\"zustimmung-datenschutz\" value=\"1\" aria-invalid=\"false\" \/><span class=\"wpcf7-list-item-label\">I agree that my details from the contact form will be collected and processed to answer my request. Detailed information on how user data is handled can be found in our <a href=\"\/en\/data-protection\/\">Privacy Policy<\/a>.<\/span><\/label><\/span><\/span><\/span>\n<\/p>\n<p><input class=\"wpcf7-form-control wpcf7-submit has-spinner btn btn-color-prif btn-square\" type=\"submit\" value=\"Send inquiry\" \/>\n<\/p><div class=\"wpcf7-response-output\" aria-hidden=\"true\"><\/div>\n<input type=\"hidden\" name=\"trp-form-language\" value=\"en\"\/><\/form>\n<\/div>\n<\/div><\/div><\/div><\/div><\/div><\/div><\/div><\/div><div class=\"vc_row row-internal row-container\"><div class=\"row row-child\"><div class=\"wpb_row row-inner\"><div class=\"wpb_column pos-top pos-center align_left column_child col-lg-4 single-internal-gutter\"><div class=\"uncol style-light\" ><div class=\"uncoltable\"><div class=\"uncell no-block-padding\" ><div class=\"uncont\" ><\/div><\/div><\/div><\/div><\/div><div class=\"wpb_column pos-top pos-center align_left column_child col-lg-4 single-internal-gutter\"><div class=\"uncol style-light\" ><div class=\"uncoltable\"><div class=\"uncell no-block-padding\" ><div class=\"uncont\" ><div class=\"vc_custom_heading_wrap\"><div class=\"heading-text el-text\" ><h2 class=\"h2\" ><span><a href=\"https:\/\/ueberraum.co\/wp-content\/uploads\/2019\/08\/UEBERRAUM_Schriftzug_Claim_pos.png\"><img decoding=\"async\" class=\"wp-image-83935 aligncenter\" src=\"https:\/\/ueberraum.co\/wp-content\/uploads\/2019\/08\/UEBERRAUM_Schriftzug_Claim_pos.png\" alt=\"Ueberraum Event Locations Frankfurt\" width=\"267\" height=\"77\" \/><\/a><\/p><\/span><span><p style=\"text-align: center;\">Braubachstra\u00dfe 26<\/p><\/span><span><p style=\"text-align: center;\">60311 Frankfurt am Main<\/p><\/span><span><p style=\"text-align: center;\"><a href=\"mailto:info@ueberraum.co\">info@ueberraum.co<\/a><\/p><\/span><span><p style=\"text-align: center;\">+49 69 200 173 95<\/p><\/span><span><p><\/span><\/h2><\/div><div class=\"clear\"><\/div><\/div><\/div><\/div><\/div><\/div><\/div><div class=\"wpb_column pos-top pos-center align_left column_child col-lg-4 single-internal-gutter\"><div class=\"uncol style-light\" ><div class=\"uncoltable\"><div class=\"uncell no-block-padding\" ><div class=\"uncont\" ><\/div><\/div><\/div><\/div><\/div><\/div><\/div><\/div><\/div><\/div><\/div><\/div><\/div><script id=\"script-row-unique-0\" data-row=\"script-row-unique-0\" type=\"text\/javascript\" class=\"vc_controls\">UNCODE.initRow(document.getElementById(\"row-unique-0\"));<\/script><\/div><\/div><\/div>\n<\/div>","protected":false},"excerpt":{"rendered":"Wie k\u00f6nnen wir weiterhelfen? Ihr AnliegenIch suche eine LocationIch m\u00f6chte meine Location anbietenIch m\u00f6chte eine Eventkonzeption inkl. LocationIch m\u00f6chte eine [...]","protected":false},"author":1,"featured_media":0,"parent":0,"menu_order":0,"comment_status":"closed","ping_status":"closed","template":"","meta":{"_uf_show_specific_survey":0,"_uf_disable_surveys":false,"footnotes":""},"class_list":["post-81583","page","type-page","status-publish","hentry"],"_links":{"self":[{"href":"https:\/\/ueberraum.co\/en\/wp-json\/wp\/v2\/pages\/81583","targetHints":{"allow":["GET"]}}],"collection":[{"href":"https:\/\/ueberraum.co\/en\/wp-json\/wp\/v2\/pages"}],"about":[{"href":"https:\/\/ueberraum.co\/en\/wp-json\/wp\/v2\/types\/page"}],"author":[{"embeddable":true,"href":"https:\/\/ueberraum.co\/en\/wp-json\/wp\/v2\/users\/1"}],"replies":[{"embeddable":true,"href":"https:\/\/ueberraum.co\/en\/wp-json\/wp\/v2\/comments?post=81583"}],"version-history":[{"count":6,"href":"https:\/\/ueberraum.co\/en\/wp-json\/wp\/v2\/pages\/81583\/revisions"}],"predecessor-version":[{"id":89384,"href":"https:\/\/ueberraum.co\/en\/wp-json\/wp\/v2\/pages\/81583\/revisions\/89384"}],"wp:attachment":[{"href":"https:\/\/ueberraum.co\/en\/wp-json\/wp\/v2\/media?parent=81583"}],"curies":[{"name":"wp","href":"https:\/\/api.w.org\/{rel}","templated":true}]}}